{"id":112,"date":"2012-09-06T21:01:58","date_gmt":"2012-09-06T21:01:58","guid":{"rendered":"http:\/\/www.krogresurs.se\/project-bergius\/?page_id=112"},"modified":"2017-08-20T14:57:12","modified_gmt":"2017-08-20T14:57:12","slug":"medicin-och-raddning-mr","status":"publish","type":"page","link":"https:\/\/skolanbergius.se\/?page_id=112","title":{"rendered":"M\u00e5 Bra"},"content":{"rendered":"<p><strong>M\u00e5 Bra \u00e4r profilen f\u00f6r dig som enbart tr\u00e4nar f\u00f6r att m\u00e5 bra (och bli smartare)<\/strong><br \/>\nDu f\u00e5r m\u00f6jlighet att kontinuerligt tr\u00e4na kondition och styrketr\u00e4ning f\u00f6r att du ska m\u00e5 bra och att du ska stimulera din hj\u00e4rna p\u00e5 b\u00e4sta m\u00f6jliga s\u00e4tt f\u00f6r tex l\u00e4randet och f\u00f6rebyggande av stress.<\/p>\n","protected":false},"excerpt":{"rendered":"<p>M\u00e5 Bra \u00e4r profilen f\u00f6r dig som enbart tr\u00e4nar f\u00f6r att m\u00e5 bra (och bli smartare) Du f\u00e5r m\u00f6jlighet att kontinuerligt tr\u00e4na kondition och styrketr\u00e4ning f\u00f6r att du ska m\u00e5 bra och att du ska stimulera din hj\u00e4rna p\u00e5 b\u00e4sta m\u00f6jliga s\u00e4tt f\u00f6r tex l\u00e4randet och f\u00f6rebyggande av stress.<\/p>\n","protected":false},"author":1,"featured_media":0,"parent":0,"menu_order":0,"comment_status":"open","ping_status":"open","template":"","meta":{"footnotes":""},"class_list":["post-112","page","type-page","status-publish","hentry"],"_links":{"self":[{"href":"https:\/\/skolanbergius.se\/index.php?rest_route=\/wp\/v2\/pages\/112","targetHints":{"allow":["GET"]}}],"collection":[{"href":"https:\/\/skolanbergius.se\/index.php?rest_route=\/wp\/v2\/pages"}],"about":[{"href":"https:\/\/skolanbergius.se\/index.php?rest_route=\/wp\/v2\/types\/page"}],"author":[{"embeddable":true,"href":"https:\/\/skolanbergius.se\/index.php?rest_route=\/wp\/v2\/users\/1"}],"replies":[{"embeddable":true,"href":"https:\/\/skolanbergius.se\/index.php?rest_route=%2Fwp%2Fv2%2Fcomments&post=112"}],"version-history":[{"count":7,"href":"https:\/\/skolanbergius.se\/index.php?rest_route=\/wp\/v2\/pages\/112\/revisions"}],"predecessor-version":[{"id":399,"href":"https:\/\/skolanbergius.se\/index.php?rest_route=\/wp\/v2\/pages\/112\/revisions\/399"}],"wp:attachment":[{"href":"https:\/\/skolanbergius.se\/index.php?rest_route=%2Fwp%2Fv2%2Fmedia&parent=112"}],"curies":[{"name":"wp","href":"https:\/\/api.w.org\/{rel}","templated":true}]}}