{"id":115,"date":"2012-09-06T21:03:46","date_gmt":"2012-09-06T21:03:46","guid":{"rendered":"http:\/\/www.krogresurs.se\/project-bergius\/?page_id=115"},"modified":"2017-08-20T14:37:57","modified_gmt":"2017-08-20T14:37:57","slug":"idrott-och-halsa-idh","status":"publish","type":"page","link":"https:\/\/skolanbergius.se\/?page_id=115","title":{"rendered":"Dans"},"content":{"rendered":"<p>Varje vecka kommer du, f\u00f6rutom den ordinarie idrotten, att f\u00e5 tr\u00e4na dans en g\u00e5ng i veckan.<\/p>\n<p>Du kommer att dansa jazz, modernt samt testa p\u00e5 streetdance.<\/p>\n<p>P\u00e5 dansprofilen centreras arbetet runt tekniktr\u00e4ning, koreografi, uttryck och dansgl\u00e4dje.<\/p>\n","protected":false},"excerpt":{"rendered":"<p>Varje vecka kommer du, f\u00f6rutom den ordinarie idrotten, att f\u00e5 tr\u00e4na dans en g\u00e5ng i veckan. Du kommer att dansa jazz, modernt samt testa p\u00e5 streetdance. P\u00e5 dansprofilen centreras arbetet runt tekniktr\u00e4ning, koreografi, uttryck och dansgl\u00e4dje.<\/p>\n","protected":false},"author":1,"featured_media":0,"parent":0,"menu_order":0,"comment_status":"open","ping_status":"open","template":"","meta":{"footnotes":""},"class_list":["post-115","page","type-page","status-publish","hentry"],"_links":{"self":[{"href":"https:\/\/skolanbergius.se\/index.php?rest_route=\/wp\/v2\/pages\/115","targetHints":{"allow":["GET"]}}],"collection":[{"href":"https:\/\/skolanbergius.se\/index.php?rest_route=\/wp\/v2\/pages"}],"about":[{"href":"https:\/\/skolanbergius.se\/index.php?rest_route=\/wp\/v2\/types\/page"}],"author":[{"embeddable":true,"href":"https:\/\/skolanbergius.se\/index.php?rest_route=\/wp\/v2\/users\/1"}],"replies":[{"embeddable":true,"href":"https:\/\/skolanbergius.se\/index.php?rest_route=%2Fwp%2Fv2%2Fcomments&post=115"}],"version-history":[{"count":7,"href":"https:\/\/skolanbergius.se\/index.php?rest_route=\/wp\/v2\/pages\/115\/revisions"}],"predecessor-version":[{"id":394,"href":"https:\/\/skolanbergius.se\/index.php?rest_route=\/wp\/v2\/pages\/115\/revisions\/394"}],"wp:attachment":[{"href":"https:\/\/skolanbergius.se\/index.php?rest_route=%2Fwp%2Fv2%2Fmedia&parent=115"}],"curies":[{"name":"wp","href":"https:\/\/api.w.org\/{rel}","templated":true}]}}